{"id":442,"date":"2015-11-17T05:09:58","date_gmt":"2015-11-17T05:09:58","guid":{"rendered":"http:\/\/logistics.stylemixthemes.com\/demo\/?page_id=442"},"modified":"2019-04-02T08:59:22","modified_gmt":"2019-04-02T08:59:22","slug":"contacts","status":"publish","type":"page","link":"https:\/\/services-pro-express.fr\/index.php\/contacts\/","title":{"rendered":"Contacts"},"content":{"rendered":"<p>[vc_row css=\u00a0\u00bb.vc_custom_1449207080478{margin-bottom: 60px !important;}\u00a0\u00bb][vc_column offset=\u00a0\u00bbvc_col-lg-4 vc_col-md-4&Prime; css=\u00a0\u00bb.vc_custom_1449207085340{margin-bottom: 30px !important;}\u00a0\u00bb][vc_single_image image=\u00a0\u00bb8&Prime; img_size=\u00a0\u00bbfull\u00a0\u00bb][vc_column_text]<\/p>\n<p class=\"p1\"><strong><span class=\"s2\">SERVICES PRO EXPRESS<\/span><\/strong><\/p>\n<p class=\"p1\"><span class=\"s3\"><i>Si\u00e8ge Social<\/i><\/span><span class=\"s2\">\u00a0:<br \/>\n<strong>12<\/strong><\/span><strong><span class=\"s4\"><sup>\u00e8me<\/sup><\/span><span class=\"s2\"> rue 4<\/span><span class=\"s4\"><sup>\u00e8me<\/sup><\/span><\/strong><span class=\"s2\"><strong> avenue 06510 CARROS<\/strong><br \/>\n<strong>T\u00e9l. : 04 97 09 80 05<\/strong><br \/>\nFax: 04 93 01 59 88<br \/>\n<a href=\"mailto:spetransport@orange.fr\">spetransport@orange.fr<\/a><\/span><\/p>\n<p>[\/vc_column_text][\/vc_column][vc_column offset=\u00a0\u00bbvc_col-lg-8 vc_col-md-8&Prime; css=\u00a0\u00bb.vc_custom_1449207088828{margin-bottom: 30px !important;}\u00a0\u00bb][vc_empty_space][vc_custom_heading text=\u00a0\u00bbVotre message\u00a0\u00bb font_container=\u00a0\u00bbtag:h3|text_align:justify\u00a0\u00bb google_fonts=\u00a0\u00bbfont_family:Source%20Sans%20Pro%3A200%2C200italic%2C300%2C300italic%2Cregular%2Citalic%2C600%2C600italic%2C700%2C700italic%2C900%2C900italic|font_style:400%20regular%3A400%3Anormal\u00a0\u00bb]\n<div class=\"wpcf7 no-js\" id=\"wpcf7-f453-o1\" lang=\"en-US\" dir=\"ltr\" data-wpcf7-id=\"453\">\n<div class=\"screen-reader-response\"><p role=\"status\" aria-live=\"polite\" aria-atomic=\"true\"><\/p> <ul><\/ul><\/div>\n<form action=\"\/index.php\/wp-json\/wp\/v2\/pages\/442#wpcf7-f453-o1\" method=\"post\" class=\"wpcf7-form init\" aria-label=\"Contact form\" novalidate=\"novalidate\" data-status=\"init\">\n<fieldset class=\"hidden-fields-container\"><input type=\"hidden\" name=\"_wpcf7\" value=\"453\" \/><input type=\"hidden\" name=\"_wpcf7_version\" value=\"6.1.5\" \/><input type=\"hidden\" name=\"_wpcf7_locale\" value=\"en_US\" \/><input type=\"hidden\" name=\"_wpcf7_unit_tag\" value=\"wpcf7-f453-o1\" \/><input type=\"hidden\" name=\"_wpcf7_container_post\" value=\"0\" \/><input type=\"hidden\" name=\"_wpcf7_posted_data_hash\" value=\"\" \/>\n<\/fieldset>\n<div class=\"contact_form\">\n\t<div class=\"row\">\n\t\t<div class=\"col-lg-6 col-md-6 col-sm-12 col-xs-12\">\n\t\t\t<div class=\"input-group\">\n\t\t\t\t<p><span class=\"wpcf7-form-control-wrap\" data-name=\"name\"><input size=\"40\" maxlength=\"400\" class=\"wpcf7-form-control wpcf7-text wpcf7-validates-as-required\" aria-required=\"true\" aria-invalid=\"false\" placeholder=\"Nom *\" value=\"\" type=\"text\" name=\"name\" \/><\/span>\n\t\t\t\t<\/p>\n\t\t\t<\/div>\n\t\t\t<div class=\"input-group\">\n\t\t\t\t<p><span class=\"wpcf7-form-control-wrap\" data-name=\"email\"><input size=\"40\" maxlength=\"400\" class=\"wpcf7-form-control wpcf7-email wpcf7-validates-as-required wpcf7-text wpcf7-validates-as-email\" aria-required=\"true\" aria-invalid=\"false\" placeholder=\"E-mail *\" value=\"\" type=\"email\" name=\"email\" \/><\/span>\n\t\t\t\t<\/p>\n\t\t\t<\/div>\n\t\t<\/div>\n\t\t<div class=\"col-lg-6 col-md-6 col-sm-12 col-xs-12\">\n\t\t\t<p><span class=\"wpcf7-form-control-wrap\" data-name=\"message\"><textarea cols=\"40\" rows=\"10\" maxlength=\"2000\" class=\"wpcf7-form-control wpcf7-textarea wpcf7-validates-as-required\" aria-required=\"true\" aria-invalid=\"false\" placeholder=\"Message *\" name=\"message\"><\/textarea><\/span>\n\t\t\t<\/p>\n\t\t<\/div>\n\t<\/div>\n\t<div class=\"row\">\n\t\t<div class=\"col-lg-6 col-md-6 col-sm-12 col-xs-12\">\n\t\t\t<div class=\"input-group\">\n\t\t\t\t<p><span class=\"wpcf7-form-control-wrap\" data-name=\"newsletter\"><span class=\"wpcf7-form-control wpcf7-checkbox\"><span class=\"wpcf7-list-item first last\"><label><input type=\"checkbox\" name=\"newsletter[]\" value=\"S&#039;inscrire \u00e0 notre Newsletter\" \/><span class=\"wpcf7-list-item-label\">S&#039;inscrire \u00e0 notre Newsletter<\/span><\/label><\/span><\/span><\/span>\n\t\t\t\t<\/p>\n\t\t\t<\/div>\n\t\t<\/div>\n\t\t<div class=\"col-lg-6 col-md-6 col-sm-12 col-xs-12 text-right\">\n\t\t\t<div class=\"input-group\">\n\t\t\t\t<p><button class=\"button icon_right size-sm theme-wpcf7-submit\">ENVOYER <i class=\"stm-arrow-next\"><\/i><\/button>\n\t\t\t\t<\/p>\n\t\t\t<\/div>\n\t\t<\/div>\n\t<\/div>\n<\/div><div class=\"wpcf7-response-output\" aria-hidden=\"true\"><\/div>\n<\/form>\n<\/div>\n[\/vc_column][\/vc_row][vc_row full_width=\u00a0\u00bbstretch_row_content_no_spaces\u00a0\u00bb][vc_column][vc_column_text]<iframe loading=\"lazy\" style=\"border: 0;\" src=\"https:\/\/www.google.com\/maps\/embed?pb=!1m14!1m8!1m3!1d2879.9530285935593!2d7.199101!3d43.7945877!3m2!1i1024!2i768!4f13.1!3m3!1m2!1s0x12cdc935689acc0f%3A0x47c3bd882e80ffaa!2s4%C3%A8me+Avenue+%26+12%C3%A8me+Rue%2C+06510+Carros!5e0!3m2!1sfr!2sfr!4v1552059134214\" width=\"2000\" height=\"450\" frameborder=\"0\" allowfullscreen=\"allowfullscreen\"><\/iframe>[\/vc_column_text][\/vc_column][\/vc_row]<\/p>\n","protected":false},"excerpt":{"rendered":"<p>[vc_row css=\u00a0\u00bb.vc_custom_1449207080478{margin-bottom: 60px !important;}\u00a0\u00bb][vc_column offset=\u00a0\u00bbvc_col-lg-4 vc_col-md-4&Prime; css=\u00a0\u00bb.vc_custom_1449207085340{margin-bottom: 30px !important;}\u00a0\u00bb][vc_single_image image=\u00a0\u00bb8&Prime; img_size=\u00a0\u00bbfull\u00a0\u00bb][vc_column_text] SERVICES PRO EXPRESS Si\u00e8ge Social\u00a0: 12\u00e8me rue 4\u00e8me avenue 06510 CARROS T\u00e9l. : 04 97 09 80 05 Fax: 04 93 01&#8230;<\/p>\n","protected":false},"author":1,"featured_media":0,"parent":0,"menu_order":0,"comment_status":"closed","ping_status":"closed","template":"","meta":{"jetpack_post_was_ever_published":false,"footnotes":""},"class_list":["post-442","page","type-page","status-publish","hentry"],"yoast_head":"<!-- This site is optimized with the Yoast SEO plugin v27.3 - https:\/\/yoast.com\/product\/yoast-seo-wordpress\/ -->\n<title>Contacts - Services Pro Express<\/title>\n<meta name=\"robots\" content=\"index, follow, max-snippet:-1, max-image-preview:large, max-video-preview:-1\" \/>\n<link rel=\"canonical\" href=\"https:\/\/services-pro-express.fr\/index.php\/contacts\/\" \/>\n<meta property=\"og:locale\" content=\"fr_FR\" \/>\n<meta property=\"og:type\" content=\"article\" \/>\n<meta property=\"og:title\" content=\"Contacts - Services Pro Express\" \/>\n<meta property=\"og:description\" content=\"[vc_row css=\u00a0\u00bb.vc_custom_1449207080478{margin-bottom: 60px !important;}\u00a0\u00bb][vc_column offset=\u00a0\u00bbvc_col-lg-4 vc_col-md-4&Prime; css=\u00a0\u00bb.vc_custom_1449207085340{margin-bottom: 30px !important;}\u00a0\u00bb][vc_single_image image=\u00a0\u00bb8&Prime; img_size=\u00a0\u00bbfull\u00a0\u00bb][vc_column_text] SERVICES PRO EXPRESS Si\u00e8ge Social\u00a0: 12\u00e8me rue 4\u00e8me avenue 06510 CARROS T\u00e9l. : 04 97 09 80 05 Fax: 04 93 01...\" \/>\n<meta property=\"og:url\" content=\"https:\/\/services-pro-express.fr\/index.php\/contacts\/\" \/>\n<meta property=\"og:site_name\" content=\"Services Pro Express\" \/>\n<meta property=\"article:modified_time\" content=\"2019-04-02T08:59:22+00:00\" \/>\n<meta name=\"twitter:card\" content=\"summary_large_image\" \/>\n<meta name=\"twitter:label1\" content=\"Dur\u00e9e de lecture estim\u00e9e\" \/>\n\t<meta name=\"twitter:data1\" content=\"1 minute\" \/>\n<script type=\"application\/ld+json\" class=\"yoast-schema-graph\">{\"@context\":\"https:\\\/\\\/schema.org\",\"@graph\":[{\"@type\":\"WebPage\",\"@id\":\"https:\\\/\\\/services-pro-express.fr\\\/index.php\\\/contacts\\\/\",\"url\":\"https:\\\/\\\/services-pro-express.fr\\\/index.php\\\/contacts\\\/\",\"name\":\"Contacts - Services Pro Express\",\"isPartOf\":{\"@id\":\"https:\\\/\\\/services-pro-express.fr\\\/#website\"},\"datePublished\":\"2015-11-17T05:09:58+00:00\",\"dateModified\":\"2019-04-02T08:59:22+00:00\",\"breadcrumb\":{\"@id\":\"https:\\\/\\\/services-pro-express.fr\\\/index.php\\\/contacts\\\/#breadcrumb\"},\"inLanguage\":\"fr-FR\",\"potentialAction\":[{\"@type\":\"ReadAction\",\"target\":[\"https:\\\/\\\/services-pro-express.fr\\\/index.php\\\/contacts\\\/\"]}]},{\"@type\":\"BreadcrumbList\",\"@id\":\"https:\\\/\\\/services-pro-express.fr\\\/index.php\\\/contacts\\\/#breadcrumb\",\"itemListElement\":[{\"@type\":\"ListItem\",\"position\":1,\"name\":\"Home\",\"item\":\"https:\\\/\\\/services-pro-express.fr\\\/\"},{\"@type\":\"ListItem\",\"position\":2,\"name\":\"Contacts\"}]},{\"@type\":\"WebSite\",\"@id\":\"https:\\\/\\\/services-pro-express.fr\\\/#website\",\"url\":\"https:\\\/\\\/services-pro-express.fr\\\/\",\"name\":\"Services Pro Express\",\"description\":\"transport express de marchandises sp\u00e9cialis\u00e9e\u00a0sur les Alpes Maritimes\",\"potentialAction\":[{\"@type\":\"SearchAction\",\"target\":{\"@type\":\"EntryPoint\",\"urlTemplate\":\"https:\\\/\\\/services-pro-express.fr\\\/?s={search_term_string}\"},\"query-input\":{\"@type\":\"PropertyValueSpecification\",\"valueRequired\":true,\"valueName\":\"search_term_string\"}}],\"inLanguage\":\"fr-FR\"}]}<\/script>\n<!-- \/ Yoast SEO plugin. -->","yoast_head_json":{"title":"Contacts - Services Pro Express","robots":{"index":"index","follow":"follow","max-snippet":"max-snippet:-1","max-image-preview":"max-image-preview:large","max-video-preview":"max-video-preview:-1"},"canonical":"https:\/\/services-pro-express.fr\/index.php\/contacts\/","og_locale":"fr_FR","og_type":"article","og_title":"Contacts - Services Pro Express","og_description":"[vc_row css=\u00a0\u00bb.vc_custom_1449207080478{margin-bottom: 60px !important;}\u00a0\u00bb][vc_column offset=\u00a0\u00bbvc_col-lg-4 vc_col-md-4&Prime; css=\u00a0\u00bb.vc_custom_1449207085340{margin-bottom: 30px !important;}\u00a0\u00bb][vc_single_image image=\u00a0\u00bb8&Prime; img_size=\u00a0\u00bbfull\u00a0\u00bb][vc_column_text] SERVICES PRO EXPRESS Si\u00e8ge Social\u00a0: 12\u00e8me rue 4\u00e8me avenue 06510 CARROS T\u00e9l. : 04 97 09 80 05 Fax: 04 93 01...","og_url":"https:\/\/services-pro-express.fr\/index.php\/contacts\/","og_site_name":"Services Pro Express","article_modified_time":"2019-04-02T08:59:22+00:00","twitter_card":"summary_large_image","twitter_misc":{"Dur\u00e9e de lecture estim\u00e9e":"1 minute"},"schema":{"@context":"https:\/\/schema.org","@graph":[{"@type":"WebPage","@id":"https:\/\/services-pro-express.fr\/index.php\/contacts\/","url":"https:\/\/services-pro-express.fr\/index.php\/contacts\/","name":"Contacts - Services Pro Express","isPartOf":{"@id":"https:\/\/services-pro-express.fr\/#website"},"datePublished":"2015-11-17T05:09:58+00:00","dateModified":"2019-04-02T08:59:22+00:00","breadcrumb":{"@id":"https:\/\/services-pro-express.fr\/index.php\/contacts\/#breadcrumb"},"inLanguage":"fr-FR","potentialAction":[{"@type":"ReadAction","target":["https:\/\/services-pro-express.fr\/index.php\/contacts\/"]}]},{"@type":"BreadcrumbList","@id":"https:\/\/services-pro-express.fr\/index.php\/contacts\/#breadcrumb","itemListElement":[{"@type":"ListItem","position":1,"name":"Home","item":"https:\/\/services-pro-express.fr\/"},{"@type":"ListItem","position":2,"name":"Contacts"}]},{"@type":"WebSite","@id":"https:\/\/services-pro-express.fr\/#website","url":"https:\/\/services-pro-express.fr\/","name":"Services Pro Express","description":"transport express de marchandises sp\u00e9cialis\u00e9e\u00a0sur les Alpes Maritimes","potentialAction":[{"@type":"SearchAction","target":{"@type":"EntryPoint","urlTemplate":"https:\/\/services-pro-express.fr\/?s={search_term_string}"},"query-input":{"@type":"PropertyValueSpecification","valueRequired":true,"valueName":"search_term_string"}}],"inLanguage":"fr-FR"}]}},"jetpack_sharing_enabled":true,"jetpack_shortlink":"https:\/\/wp.me\/PaMT6M-78","_links":{"self":[{"href":"https:\/\/services-pro-express.fr\/index.php\/wp-json\/wp\/v2\/pages\/442","targetHints":{"allow":["GET"]}}],"collection":[{"href":"https:\/\/services-pro-express.fr\/index.php\/wp-json\/wp\/v2\/pages"}],"about":[{"href":"https:\/\/services-pro-express.fr\/index.php\/wp-json\/wp\/v2\/types\/page"}],"author":[{"embeddable":true,"href":"https:\/\/services-pro-express.fr\/index.php\/wp-json\/wp\/v2\/users\/1"}],"replies":[{"embeddable":true,"href":"https:\/\/services-pro-express.fr\/index.php\/wp-json\/wp\/v2\/comments?post=442"}],"version-history":[{"count":7,"href":"https:\/\/services-pro-express.fr\/index.php\/wp-json\/wp\/v2\/pages\/442\/revisions"}],"predecessor-version":[{"id":1394,"href":"https:\/\/services-pro-express.fr\/index.php\/wp-json\/wp\/v2\/pages\/442\/revisions\/1394"}],"wp:attachment":[{"href":"https:\/\/services-pro-express.fr\/index.php\/wp-json\/wp\/v2\/media?parent=442"}],"curies":[{"name":"wp","href":"https:\/\/api.w.org\/{rel}","templated":true}]}}