{"id":1426,"date":"2019-03-29T16:17:55","date_gmt":"2019-03-29T16:17:55","guid":{"rendered":"https:\/\/services-pro-express.fr\/?page_id=1426"},"modified":"2019-04-02T09:32:01","modified_gmt":"2019-04-02T09:32:01","slug":"domaines-dactivite","status":"publish","type":"page","link":"https:\/\/services-pro-express.fr\/index.php\/domaines-dactivite\/","title":{"rendered":"Domaines d&rsquo;activit\u00e9"},"content":{"rendered":"<p>[vc_row][vc_column width=\u00a0\u00bb2\/3&Prime;][vc_column_text]<\/p>\n<h1><strong>Domaines d&rsquo;activit\u00e9s<\/strong><\/h1>\n<p>[\/vc_column_text][vc_column_text css=\u00a0\u00bb.vc_custom_1553876587469{padding-top: 10px !important;padding-right: 10px !important;padding-bottom: 10px !important;padding-left: 10px !important;background-color: #eaeaea !important;}\u00a0\u00bb]<span style=\"font-size: 14pt;\"><strong>TOURNEES R\u00c9GULI\u00c8RES<\/strong><\/span><\/p>\n<p>Nous maitrisons les<strong> tourn\u00e9es r\u00e9guli\u00e8res<\/strong> dans l&rsquo;ensemble des Alpes maritimes (06) et la principaut\u00e9 de Monaco.<br \/>\nGr\u00e2ce \u00e0 nos <strong>comp\u00e9tences<\/strong> et notre <strong>s\u00e9rieux<\/strong>, les Grands <em>UPS<\/em> et <em>FEDEX<\/em> nous font confiance depuis 2007.[\/vc_column_text][vc_column_text css=\u00a0\u00bb.vc_custom_1554197088648{padding-top: 10px !important;padding-right: 10px !important;padding-bottom: 10px !important;padding-left: 10px !important;background-color: #eaeaea !important;}\u00a0\u00bb]<span style=\"font-size: 14pt;\"><strong>TRANSPORT EXPRESS<\/strong><\/span><\/p>\n<p>Nous effectuons du <strong>transport express<\/strong> suivant demande du 2m3 au 20 m3, petit ou gros volume que ce soit colis, documents marchandises diverses, palettes\u2026[\/vc_column_text][vc_column_text css=\u00a0\u00bb.vc_custom_1554197500403{padding-top: 10px !important;padding-right: 10px !important;padding-bottom: 10px !important;padding-left: 10px !important;background-color: #eaeaea !important;}\u00a0\u00bb]<span style=\"font-size: 14pt;\"><strong>TRANSPORT LONGUES DISTANCES<\/strong><\/span><\/p>\n<p>Nous vous assurons un transport en toute <strong>s\u00e9curit\u00e9<\/strong> \u00e0 travers la <strong>France enti\u00e8re<\/strong>, peut importe le volume de votre chargement. \u00a0Tous nos v\u00e9hicules, du<strong> 2 au 20m3<\/strong>, sont parfaitement adapt\u00e9s pour les <strong>transports longues distances<\/strong>.[\/vc_column_text][vc_column_text css=\u00a0\u00bb.vc_custom_1554197105017{padding-top: 10px !important;padding-right: 10px !important;padding-bottom: 10px !important;padding-left: 10px !important;background-color: #eaeaea !important;}\u00a0\u00bb]<span style=\"font-size: 14pt;\"><strong>MESSAGERIE<\/strong><\/span><\/p>\n<p>Possibilit\u00e9 d&rsquo;effectuer la <strong>livraison de mono colis, courrier ou lot<\/strong>. Nous poss\u00e9dons une certaine capacit\u00e9 de stockage avec Fenwick.[\/vc_column_text][vc_column_text css=\u00a0\u00bb.vc_custom_1554197113398{padding-top: 10px !important;padding-right: 10px !important;padding-bottom: 10px !important;padding-left: 10px !important;background-color: #eaeaea !important;}\u00a0\u00bb]<span style=\"font-size: 14pt;\"><strong>VEHICULES<\/strong><\/span><\/p>\n<p>Tous nos v\u00e9hicules du 2 au 20m3 sont <strong>s\u00e9curis\u00e9s et g\u00e9olocalis\u00e9s<\/strong> ce qui permet de<strong> suivre en temps r\u00e9el toutes nos livraisons.<\/strong>[\/vc_column_text][vc_empty_space height=\u00a0\u00bb12px\u00a0\u00bb][vc_separator color=\u00a0\u00bbcustom\u00a0\u00bb align=\u00a0\u00bbalign_left\u00a0\u00bb border_width=\u00a0\u00bb3&Prime; el_width=\u00a0\u00bb10&Prime; accent_color=\u00a0\u00bb#d64926&Prime;][vc_empty_space height=\u00a0\u00bb12px\u00a0\u00bb][vc_column_text css=\u00a0\u00bb.vc_custom_1554192385818{padding-top: 10px !important;padding-right: 10px !important;padding-bottom: 10px !important;padding-left: 10px !important;background-color: #eaeaea !important;}\u00a0\u00bb]<strong>Services Pro Express<\/strong> est, par ses 15 ann\u00e9es d\u2019exp\u00e9rience,<strong> \u00e0 l\u2019\u00e9coute<\/strong> et poss\u00e8de un <strong>service de qualit\u00e9<\/strong>, du <strong>s\u00e9rieux<\/strong> et du <strong>professionnalisme<\/strong> en garantissant une <strong>discr\u00e9tion totale<\/strong> pour nos clients.<\/p>\n<p>Services Pro Express s\u2019engage \u00e0 <strong>respecter les d\u00e9lais en toute s\u00e9curit\u00e9<\/strong>, des <strong>prestations fiables<\/strong> et de<strong> qualit\u00e9<\/strong>, <strong>l\u2019assurance d\u2019une fiabilit\u00e9 du syst\u00e8me de gestion de fret de l\u2019enl\u00e8vement \u00e0 la livraison<\/strong>, <strong>l\u2019acheminement des marchandises dans les meilleures conditions.<\/strong><\/p>\n<p>Services Pro Express offre un service abordable et fiable et met \u00e0 disposition des moyens pour une enti\u00e8re satisfaction des <strong>particuliers<\/strong> et des<strong> professionnels<\/strong>.<\/p>\n<p><strong>Services Pro Express a pour but dans un avenir proche de g\u00e9rer son propre fret avec un service de qualit\u00e9 en moins de 24 heures.<\/strong>[\/vc_column_text][vc_empty_space][vc_empty_space][\/vc_column][vc_column width=\u00a0\u00bb1\/3&Prime;][vc_column_text]<\/p>\n<h3><strong>Votre question<\/strong><\/h3>\n<p>[\/vc_column_text]\n<div class=\"wpcf7 no-js\" id=\"wpcf7-f1361-o1\" lang=\"fr-FR\" dir=\"ltr\" data-wpcf7-id=\"1361\">\n<div class=\"screen-reader-response\"><p role=\"status\" aria-live=\"polite\" aria-atomic=\"true\"><\/p> <ul><\/ul><\/div>\n<form action=\"\/index.php\/wp-json\/wp\/v2\/pages\/1426#wpcf7-f1361-o1\" method=\"post\" class=\"wpcf7-form init\" aria-label=\"Formulaire de contact\" novalidate=\"novalidate\" data-status=\"init\">\n<fieldset class=\"hidden-fields-container\"><input type=\"hidden\" name=\"_wpcf7\" value=\"1361\" \/><input type=\"hidden\" name=\"_wpcf7_version\" value=\"6.1.5\" \/><input type=\"hidden\" name=\"_wpcf7_locale\" value=\"fr_FR\" \/><input type=\"hidden\" name=\"_wpcf7_unit_tag\" value=\"wpcf7-f1361-o1\" \/><input type=\"hidden\" name=\"_wpcf7_container_post\" value=\"0\" \/><input type=\"hidden\" name=\"_wpcf7_posted_data_hash\" value=\"\" \/>\n<\/fieldset>\n<p><label> Votre nom (obligatoire)<br \/>\n<span class=\"wpcf7-form-control-wrap\" data-name=\"your-name\"><input size=\"40\" maxlength=\"400\" class=\"wpcf7-form-control wpcf7-text wpcf7-validates-as-required\" aria-required=\"true\" aria-invalid=\"false\" value=\"\" type=\"text\" name=\"your-name\" \/><\/span> <\/label>\n<\/p>\n<p><label> Votre adresse de messagerie (obligatoire)<br \/>\n<span class=\"wpcf7-form-control-wrap\" data-name=\"your-email\"><input size=\"40\" maxlength=\"400\" class=\"wpcf7-form-control wpcf7-email wpcf7-validates-as-required wpcf7-text wpcf7-validates-as-email\" aria-required=\"true\" aria-invalid=\"false\" value=\"\" type=\"email\" name=\"your-email\" \/><\/span> <\/label>\n<\/p>\n<p><label> Votre message<br \/>\n<span class=\"wpcf7-form-control-wrap\" data-name=\"your-message\"><textarea cols=\"40\" rows=\"10\" maxlength=\"2000\" class=\"wpcf7-form-control wpcf7-textarea\" aria-invalid=\"false\" name=\"your-message\"><\/textarea><\/span> <\/label>\n<\/p>\n<p><input class=\"wpcf7-form-control wpcf7-submit has-spinner\" type=\"submit\" value=\"Envoyer\" \/>\n<\/p><div class=\"wpcf7-response-output\" aria-hidden=\"true\"><\/div>\n<\/form>\n<\/div>\n[\/vc_column][\/vc_row][vc_row full_width=\u00a0\u00bbstretch_row\u00a0\u00bb equal_height=\u00a0\u00bbyes\u00a0\u00bb parallax=\u00a0\u00bbcontent-moving\u00a0\u00bb parallax_image=\u00a0\u00bb258&Prime; el_class=\u00a0\u00bbconvert_to_table overlay\u00a0\u00bb css=\u00a0\u00bb.vc_custom_1450765517736{margin-bottom: 80px !important;}\u00a0\u00bb][vc_column width=\u00a0\u00bb7\/12&Prime; css=\u00a0\u00bb.vc_custom_1450330273622{padding-top: 60px !important;padding-right: 0px !important;padding-bottom: 60px !important;}\u00a0\u00bb][vc_custom_heading text=\u00a0\u00bbVotre devis en ligne gratuit&#8230;\u00a0\u00bb use_theme_fonts=\u00a0\u00bbyes\u00a0\u00bb el_class=\u00a0\u00bbbase_font_color heading_without_line\u00a0\u00bb][vc_column_text]Formulez une demande de transport de marchandises et recevez votre devis gratuit pour votre envoi. Facile et gratuit ![\/vc_column_text][vc_btn title=\u00a0\u00bbNous contacter\u00a0\u00bb style=\u00a0\u00bbflat\u00a0\u00bb shape=\u00a0\u00bbround\u00a0\u00bb color=\u00a0\u00bbtheme_style_3&Prime; i_align=\u00a0\u00bbright\u00a0\u00bb i_icon_fontawesome=\u00a0\u00bbstm-arrow-next\u00a0\u00bb add_icon=\u00a0\u00bbtrue\u00a0\u00bb link=\u00a0\u00bburl:https%3A%2F%2Fservices-pro-express.fr%2Findex.php%2Fcontacts%2F|title:Contacts||\u00a0\u00bb][\/vc_column][vc_column width=\u00a0\u00bb5\/12&Prime; css=\u00a0\u00bb.vc_custom_1450765525367{background-position: center !important;background-repeat: no-repeat !important;background-size: contain !important;}\u00a0\u00bb offset=\u00a0\u00bbvc_hidden-md vc_hidden-sm vc_hidden-xs\u00a0\u00bb][vc_custom_heading text=\u00a0\u00bbFormulaire\u00a0\u00bb font_container=\u00a0\u00bbtag:h2|text_align:left|color:%23ffffff\u00a0\u00bb use_theme_fonts=\u00a0\u00bbyes\u00a0\u00bb]\n<div class=\"wpcf7 no-js\" id=\"wpcf7-f208-o2\" lang=\"en-US\" dir=\"ltr\" data-wpcf7-id=\"208\">\n<div class=\"screen-reader-response\"><p role=\"status\" aria-live=\"polite\" aria-atomic=\"true\"><\/p> <ul><\/ul><\/div>\n<form action=\"\/index.php\/wp-json\/wp\/v2\/pages\/1426#wpcf7-f208-o2\" method=\"post\" class=\"wpcf7-form init\" aria-label=\"Contact form\" novalidate=\"novalidate\" data-status=\"init\">\n<fieldset class=\"hidden-fields-container\"><input type=\"hidden\" name=\"_wpcf7\" value=\"208\" \/><input type=\"hidden\" name=\"_wpcf7_version\" value=\"6.1.5\" \/><input type=\"hidden\" name=\"_wpcf7_locale\" value=\"en_US\" \/><input type=\"hidden\" name=\"_wpcf7_unit_tag\" value=\"wpcf7-f208-o2\" \/><input type=\"hidden\" name=\"_wpcf7_container_post\" value=\"0\" \/><input type=\"hidden\" name=\"_wpcf7_posted_data_hash\" value=\"\" \/>\n<\/fieldset>\n<div class=\"request_quote\">\n\t<div class=\"row\">\n\t\t<div class=\"col-lg-6 col-md-6 col-sm-6 col-xs-12\">\n\t\t\t<div class=\"input-group\">\n\t\t\t\t<p><span class=\"wpcf7-form-control-wrap\" data-name=\"typedemarchandise\"><input size=\"40\" maxlength=\"400\" class=\"wpcf7-form-control wpcf7-text wpcf7-validates-as-required\" aria-required=\"true\" aria-invalid=\"false\" placeholder=\"Type de marchandises\" value=\"\" type=\"text\" name=\"typedemarchandise\" \/><\/span>\n\t\t\t\t<\/p>\n\t\t\t<\/div>\n\t\t\t<div class=\"input-group\">\n\t\t\t\t<p><span class=\"wpcf7-form-control-wrap\" data-name=\"departure_city\"><input size=\"40\" maxlength=\"400\" class=\"wpcf7-form-control wpcf7-text wpcf7-validates-as-required\" aria-required=\"true\" aria-invalid=\"false\" placeholder=\"Ville de d\u00e9part\" value=\"\" type=\"text\" name=\"departure_city\" \/><\/span>\n\t\t\t\t<\/p>\n\t\t\t<\/div>\n\t\t\t<div class=\"input-group\">\n\t\t\t\t<p><span class=\"wpcf7-form-control-wrap\" data-name=\"delivery_city\"><input size=\"40\" maxlength=\"400\" class=\"wpcf7-form-control wpcf7-text\" aria-invalid=\"false\" placeholder=\"Ville d&#039;arriv\u00e9e\" value=\"\" type=\"text\" name=\"delivery_city\" \/><\/span>\n\t\t\t\t<\/p>\n\t\t\t<\/div>\n\t\t\t<div class=\"input-group\">\n\t\t\t\t<p><span class=\"wpcf7-form-control-wrap\" data-name=\"total_weight\"><input size=\"40\" maxlength=\"400\" class=\"wpcf7-form-control wpcf7-text\" aria-invalid=\"false\" placeholder=\"Poids total (KG)\" value=\"\" type=\"text\" name=\"total_weight\" \/><\/span>\n\t\t\t\t<\/p>\n\t\t\t<\/div>\n\t\t<\/div>\n\t\t<div class=\"col-lg-6 col-md-6 col-sm-6 col-xs-12\">\n\t\t\t<div class=\"input-group\">\n\t\t\t\t<p><span class=\"wpcf7-form-control-wrap\" data-name=\"dimension\"><input size=\"40\" maxlength=\"400\" class=\"wpcf7-form-control wpcf7-text\" aria-invalid=\"false\" placeholder=\"Dimension\" value=\"\" type=\"text\" name=\"dimension\" \/><\/span>\n\t\t\t\t<\/p>\n\t\t\t<\/div>\n\t\t\t<div class=\"input-group\">\n\t\t\t\t<p><span class=\"wpcf7-form-control-wrap\" data-name=\"email\"><input size=\"40\" maxlength=\"400\" class=\"wpcf7-form-control wpcf7-email wpcf7-validates-as-required wpcf7-text wpcf7-validates-as-email\" aria-required=\"true\" aria-invalid=\"false\" placeholder=\"Email\" value=\"\" type=\"email\" name=\"email\" \/><\/span>\n\t\t\t\t<\/p>\n\t\t\t<\/div>\n\t\t\t<div class=\"input-group\">\n\t\t\t\t<p><span class=\"wpcf7-form-control-wrap\" data-name=\"message\"><textarea cols=\"40\" rows=\"10\" maxlength=\"2000\" class=\"wpcf7-form-control wpcf7-textarea\" aria-invalid=\"false\" placeholder=\"Message\" name=\"message\"><\/textarea><\/span>\n\t\t\t\t<\/p>\n\t\t\t<\/div>\n\t\t\t<div class=\"input-group\">\n\t\t\t\t<p><button class=\"button size-sm fullwidth white-text theme-wpcf7-submit\">Envoyer <i class=\"stm-arrow-next\"><\/i><\/button>\n\t\t\t\t<\/p>\n\t\t\t<\/div>\n\t\t<\/div>\n\t<\/div>\n<\/div><div class=\"wpcf7-response-output\" aria-hidden=\"true\"><\/div>\n<\/form>\n<\/div>\n[\/vc_column][\/vc_row][vc_row][vc_column width=\u00a0\u00bb1\/2&Prime;][vc_custom_heading text=\u00a0\u00bbLes News\u00a0\u00bb use_theme_fonts=\u00a0\u00bbyes\u00a0\u00bb css=\u00a0\u00bb.vc_custom_1552063225609{margin-bottom: 38px !important;}\u00a0\u00bb][stm_news loop=\u00a0\u00bbsize:3|post_type:post\u00a0\u00bb link=\u00a0\u00bburl:%23|title:all%20news|\u00a0\u00bb][\/vc_column][vc_column width=\u00a0\u00bb1\/2&Prime;][vc_custom_heading text=\u00a0\u00bbT\u00e9moignages\u00a0\u00bb font_container=\u00a0\u00bbtag:h2|text_align:right\u00a0\u00bb use_theme_fonts=\u00a0\u00bbyes\u00a0\u00bb css=\u00a0\u00bb.vc_custom_1552064219371{margin-bottom: 38px !important;}\u00a0\u00bb][stm_testimonials posts_per_page=\u00a0\u00bb3&Prime; autoplay=\u00a0\u00bbyes\u00a0\u00bb loop=\u00a0\u00bbyes\u00a0\u00bb][\/vc_column][\/vc_row][vc_row css=\u00a0\u00bb.vc_custom_1552058390934{margin-bottom: 0px !important;}\u00a0\u00bb][vc_column css=\u00a0\u00bb.vc_custom_1450446299241{margin-bottom: 60px !important;}\u00a0\u00bb offset=\u00a0\u00bbvc_col-lg-6 vc_col-md-7&Prime;][\/vc_column][vc_column css=\u00a0\u00bb.vc_custom_1450446304318{margin-bottom: 60px !important;}\u00a0\u00bb offset=\u00a0\u00bbvc_col-lg-6 vc_col-md-5&Prime;][\/vc_column][\/vc_row][vc_row full_width=\u00a0\u00bbstretch_row_content_no_spaces\u00a0\u00bb css=\u00a0\u00bb.vc_custom_1446716672180{margin-bottom: 0px !important;}\u00a0\u00bb][vc_column][vc_column_text]<iframe loading=\"lazy\" style=\"border: 0;\" src=\"https:\/\/www.google.com\/maps\/embed?pb=!1m14!1m8!1m3!1d2879.9530285935593!2d7.199101!3d43.7945877!3m2!1i1024!2i768!4f13.1!3m3!1m2!1s0x12cdc935689acc0f%3A0x47c3bd882e80ffaa!2s4%C3%A8me+Avenue+%26+12%C3%A8me+Rue%2C+06510+Carros!5e0!3m2!1sfr!2sfr!4v1552059134214\" width=\"2000\" height=\"450\" frameborder=\"0\" allowfullscreen=\"allowfullscreen\"><\/iframe>[\/vc_column_text][\/vc_column][\/vc_row]<\/p>\n","protected":false},"excerpt":{"rendered":"<p>[vc_row][vc_column width=\u00a0\u00bb2\/3&Prime;][vc_column_text] Domaines d&rsquo;activit\u00e9s [\/vc_column_text][vc_column_text css=\u00a0\u00bb.vc_custom_1553876587469{padding-top: 10px !important;padding-right: 10px !important;padding-bottom: 10px !important;padding-left: 10px !important;background-color: #eaeaea !important;}\u00a0\u00bb]TOURNEES R\u00c9GULI\u00c8RES Nous maitrisons les tourn\u00e9es r\u00e9guli\u00e8res dans l&rsquo;ensemble des Alpes maritimes (06) et la principaut\u00e9 de Monaco&#8230;.<\/p>\n","protected":false},"author":1,"featured_media":0,"parent":0,"menu_order":0,"comment_status":"closed","ping_status":"closed","template":"","meta":{"jetpack_post_was_ever_published":false,"footnotes":""},"class_list":["post-1426","page","type-page","status-publish","hentry"],"yoast_head":"<!-- This site is optimized with the Yoast SEO plugin v27.3 - https:\/\/yoast.com\/product\/yoast-seo-wordpress\/ -->\n<title>Domaines d&#039;activit\u00e9 - Services Pro Express<\/title>\n<meta name=\"robots\" content=\"index, follow, max-snippet:-1, max-image-preview:large, max-video-preview:-1\" \/>\n<link rel=\"canonical\" href=\"https:\/\/services-pro-express.fr\/index.php\/domaines-dactivite\/\" \/>\n<meta property=\"og:locale\" content=\"fr_FR\" \/>\n<meta property=\"og:type\" content=\"article\" \/>\n<meta property=\"og:title\" content=\"Domaines d&#039;activit\u00e9 - Services Pro Express\" \/>\n<meta property=\"og:description\" content=\"[vc_row][vc_column width=\u00a0\u00bb2\/3&Prime;][vc_column_text] Domaines d&rsquo;activit\u00e9s [\/vc_column_text][vc_column_text css=\u00a0\u00bb.vc_custom_1553876587469{padding-top: 10px !important;padding-right: 10px !important;padding-bottom: 10px !important;padding-left: 10px !important;background-color: #eaeaea !important;}\u00a0\u00bb]TOURNEES R\u00c9GULI\u00c8RES Nous maitrisons les tourn\u00e9es r\u00e9guli\u00e8res dans l&rsquo;ensemble des Alpes maritimes (06) et la principaut\u00e9 de Monaco....\" \/>\n<meta property=\"og:url\" content=\"https:\/\/services-pro-express.fr\/index.php\/domaines-dactivite\/\" \/>\n<meta property=\"og:site_name\" content=\"Services Pro Express\" \/>\n<meta property=\"article:modified_time\" content=\"2019-04-02T09:32:01+00:00\" \/>\n<meta name=\"twitter:card\" content=\"summary_large_image\" \/>\n<meta name=\"twitter:label1\" content=\"Dur\u00e9e de lecture estim\u00e9e\" \/>\n\t<meta name=\"twitter:data1\" content=\"4 minutes\" \/>\n<script type=\"application\/ld+json\" class=\"yoast-schema-graph\">{\"@context\":\"https:\\\/\\\/schema.org\",\"@graph\":[{\"@type\":\"WebPage\",\"@id\":\"https:\\\/\\\/services-pro-express.fr\\\/index.php\\\/domaines-dactivite\\\/\",\"url\":\"https:\\\/\\\/services-pro-express.fr\\\/index.php\\\/domaines-dactivite\\\/\",\"name\":\"Domaines d'activit\u00e9 - Services Pro Express\",\"isPartOf\":{\"@id\":\"https:\\\/\\\/services-pro-express.fr\\\/#website\"},\"datePublished\":\"2019-03-29T16:17:55+00:00\",\"dateModified\":\"2019-04-02T09:32:01+00:00\",\"breadcrumb\":{\"@id\":\"https:\\\/\\\/services-pro-express.fr\\\/index.php\\\/domaines-dactivite\\\/#breadcrumb\"},\"inLanguage\":\"fr-FR\",\"potentialAction\":[{\"@type\":\"ReadAction\",\"target\":[\"https:\\\/\\\/services-pro-express.fr\\\/index.php\\\/domaines-dactivite\\\/\"]}]},{\"@type\":\"BreadcrumbList\",\"@id\":\"https:\\\/\\\/services-pro-express.fr\\\/index.php\\\/domaines-dactivite\\\/#breadcrumb\",\"itemListElement\":[{\"@type\":\"ListItem\",\"position\":1,\"name\":\"Home\",\"item\":\"https:\\\/\\\/services-pro-express.fr\\\/\"},{\"@type\":\"ListItem\",\"position\":2,\"name\":\"Domaines d&rsquo;activit\u00e9\"}]},{\"@type\":\"WebSite\",\"@id\":\"https:\\\/\\\/services-pro-express.fr\\\/#website\",\"url\":\"https:\\\/\\\/services-pro-express.fr\\\/\",\"name\":\"Services Pro Express\",\"description\":\"transport express de marchandises sp\u00e9cialis\u00e9e\u00a0sur les Alpes Maritimes\",\"potentialAction\":[{\"@type\":\"SearchAction\",\"target\":{\"@type\":\"EntryPoint\",\"urlTemplate\":\"https:\\\/\\\/services-pro-express.fr\\\/?s={search_term_string}\"},\"query-input\":{\"@type\":\"PropertyValueSpecification\",\"valueRequired\":true,\"valueName\":\"search_term_string\"}}],\"inLanguage\":\"fr-FR\"}]}<\/script>\n<!-- \/ Yoast SEO plugin. -->","yoast_head_json":{"title":"Domaines d'activit\u00e9 - Services Pro Express","robots":{"index":"index","follow":"follow","max-snippet":"max-snippet:-1","max-image-preview":"max-image-preview:large","max-video-preview":"max-video-preview:-1"},"canonical":"https:\/\/services-pro-express.fr\/index.php\/domaines-dactivite\/","og_locale":"fr_FR","og_type":"article","og_title":"Domaines d'activit\u00e9 - Services Pro Express","og_description":"[vc_row][vc_column width=\u00a0\u00bb2\/3&Prime;][vc_column_text] Domaines d&rsquo;activit\u00e9s [\/vc_column_text][vc_column_text css=\u00a0\u00bb.vc_custom_1553876587469{padding-top: 10px !important;padding-right: 10px !important;padding-bottom: 10px !important;padding-left: 10px !important;background-color: #eaeaea !important;}\u00a0\u00bb]TOURNEES R\u00c9GULI\u00c8RES Nous maitrisons les tourn\u00e9es r\u00e9guli\u00e8res dans l&rsquo;ensemble des Alpes maritimes (06) et la principaut\u00e9 de Monaco....","og_url":"https:\/\/services-pro-express.fr\/index.php\/domaines-dactivite\/","og_site_name":"Services Pro Express","article_modified_time":"2019-04-02T09:32:01+00:00","twitter_card":"summary_large_image","twitter_misc":{"Dur\u00e9e de lecture estim\u00e9e":"4 minutes"},"schema":{"@context":"https:\/\/schema.org","@graph":[{"@type":"WebPage","@id":"https:\/\/services-pro-express.fr\/index.php\/domaines-dactivite\/","url":"https:\/\/services-pro-express.fr\/index.php\/domaines-dactivite\/","name":"Domaines d'activit\u00e9 - Services Pro Express","isPartOf":{"@id":"https:\/\/services-pro-express.fr\/#website"},"datePublished":"2019-03-29T16:17:55+00:00","dateModified":"2019-04-02T09:32:01+00:00","breadcrumb":{"@id":"https:\/\/services-pro-express.fr\/index.php\/domaines-dactivite\/#breadcrumb"},"inLanguage":"fr-FR","potentialAction":[{"@type":"ReadAction","target":["https:\/\/services-pro-express.fr\/index.php\/domaines-dactivite\/"]}]},{"@type":"BreadcrumbList","@id":"https:\/\/services-pro-express.fr\/index.php\/domaines-dactivite\/#breadcrumb","itemListElement":[{"@type":"ListItem","position":1,"name":"Home","item":"https:\/\/services-pro-express.fr\/"},{"@type":"ListItem","position":2,"name":"Domaines d&rsquo;activit\u00e9"}]},{"@type":"WebSite","@id":"https:\/\/services-pro-express.fr\/#website","url":"https:\/\/services-pro-express.fr\/","name":"Services Pro Express","description":"transport express de marchandises sp\u00e9cialis\u00e9e\u00a0sur les Alpes Maritimes","potentialAction":[{"@type":"SearchAction","target":{"@type":"EntryPoint","urlTemplate":"https:\/\/services-pro-express.fr\/?s={search_term_string}"},"query-input":{"@type":"PropertyValueSpecification","valueRequired":true,"valueName":"search_term_string"}}],"inLanguage":"fr-FR"}]}},"jetpack_sharing_enabled":true,"jetpack_shortlink":"https:\/\/wp.me\/PaMT6M-n0","_links":{"self":[{"href":"https:\/\/services-pro-express.fr\/index.php\/wp-json\/wp\/v2\/pages\/1426","targetHints":{"allow":["GET"]}}],"collection":[{"href":"https:\/\/services-pro-express.fr\/index.php\/wp-json\/wp\/v2\/pages"}],"about":[{"href":"https:\/\/services-pro-express.fr\/index.php\/wp-json\/wp\/v2\/types\/page"}],"author":[{"embeddable":true,"href":"https:\/\/services-pro-express.fr\/index.php\/wp-json\/wp\/v2\/users\/1"}],"replies":[{"embeddable":true,"href":"https:\/\/services-pro-express.fr\/index.php\/wp-json\/wp\/v2\/comments?post=1426"}],"version-history":[{"count":24,"href":"https:\/\/services-pro-express.fr\/index.php\/wp-json\/wp\/v2\/pages\/1426\/revisions"}],"predecessor-version":[{"id":1481,"href":"https:\/\/services-pro-express.fr\/index.php\/wp-json\/wp\/v2\/pages\/1426\/revisions\/1481"}],"wp:attachment":[{"href":"https:\/\/services-pro-express.fr\/index.php\/wp-json\/wp\/v2\/media?parent=1426"}],"curies":[{"name":"wp","href":"https:\/\/api.w.org\/{rel}","templated":true}]}}