{"id":1269,"date":"2015-10-21T07:42:32","date_gmt":"2015-10-21T07:42:32","guid":{"rendered":"http:\/\/logistics.stylemixthemes.com\/demo\/?page_id=2"},"modified":"2019-04-02T09:35:40","modified_gmt":"2019-04-02T09:35:40","slug":"home","status":"publish","type":"page","link":"https:\/\/services-pro-express.fr\/","title":{"rendered":"SPE Transport Express"},"content":{"rendered":"<p>[vc_row full_width=\u00a0\u00bbstretch_row_content_no_spaces\u00a0\u00bb css=\u00a0\u00bb.vc_custom_1445941555299{margin-bottom: 0px !important;}\u00a0\u00bb][vc_column offset=\u00a0\u00bbvc_hidden-xs\u00a0\u00bb][rev_slider_vc alias=\u00a0\u00bbmain_slider\u00a0\u00bb][\/vc_column][\/vc_row][vc_row full_width=\u00a0\u00bbstretch_row\u00a0\u00bb el_class=\u00a0\u00bbbase_bg_color no_overflow_hidden\u00a0\u00bb css=\u00a0\u00bb.vc_custom_1448432556856{margin-bottom: 80px !important;}\u00a0\u00bb][vc_column width=\u00a0\u00bb1\/4&Prime; offset=\u00a0\u00bbvc_hidden-xs\u00a0\u00bb][stm_rev_slider_nav title=\u00a0\u00bbTransport express de marchandises\u00a0\u00bb icon=\u00a0\u00bbstm-transport859&Prime; slide_number=\u00a0\u00bb1&Prime;][\/vc_column][\/vc_row][vc_row css=\u00a0\u00bb.vc_custom_1450264294682{margin-bottom: 80px !important;}\u00a0\u00bb][vc_column offset=\u00a0\u00bbvc_col-lg-6 vc_col-md-6&Prime;][vc_column_text]<\/p>\n<h2>SERVICES PRO EXPRESS<\/h2>\n<p class=\"p1\" style=\"text-align: justify;\"><span class=\"s2\">La soci\u00e9t\u00e9 <strong>Services Pro Express<\/strong> est une SARL au capital de 21 000.00 \u20ac dont le si\u00e8ge social est situ\u00e9 \u00e0 CARROS dans les <strong>Alpes Maritimes<\/strong> (06). <\/span><\/p>\n<p class=\"p1\" style=\"text-align: justify;\"><span class=\"s3\">Ouverte depuis 2004, nous avons acquis une <strong>Entreprise de transport express de marchandises sp\u00e9cialis\u00e9e\u00a0sur les Alpes Maritimes<\/strong><b>,<\/b>\u00a0nous assurons une grande exp\u00e9rience dans le <strong>transport et acheminements de vos marchandises<\/strong>.<\/span><\/p>\n<p class=\"p1\" style=\"text-align: justify;\"><span class=\"s2\">Tout en \u00e9tant sp\u00e9cialis\u00e9 dans le transport, LE FRET INDUSTRIEL, nous offrons \u00e0 nos clients un <strong>service global de l\u2019enl\u00e8vement \u00e0 la livraison en passant par un suivi internet.<\/strong><\/span><\/p>\n<p class=\"p1\" style=\"text-align: justify;\"><span class=\"s2\">Nous proposons un <strong>service de livraison adapt\u00e9 en fonction de la demande.<\/strong> Nous mettrons tous les <strong>moyens et services n\u00e9cessaires afin de satisfaire au mieux la demande et les besoins dans les meilleures conditions<\/strong>.<\/span><\/p>\n<p>[\/vc_column_text][\/vc_column][vc_column offset=\u00a0\u00bbvc_col-lg-6 vc_col-md-6 vc_hidden-sm vc_hidden-xs\u00a0\u00bb][vc_single_image image=\u00a0\u00bb1334&Prime; img_size=\u00a0\u00bbfull\u00a0\u00bb alignment=\u00a0\u00bbcenter\u00a0\u00bb style=\u00a0\u00bbvc_box_outline\u00a0\u00bb border_color=\u00a0\u00bbjuicy_pink\u00a0\u00bb onclick=\u00a0\u00bblink_image\u00a0\u00bb][vc_empty_space height=\u00a0\u00bb15px\u00a0\u00bb][vc_column_text]<\/p>\n<ul>\n<li><strong><span class=\"s2\">LIVRAISONS R\u00c9GULI\u00c8RES<\/span><\/strong><\/li>\n<li><strong><span class=\"s2\">LIVRAISONS PROGRAMM\u00c9ES<\/span><\/strong><\/li>\n<li><strong>TOURN\u00c9E DE LIVRAISON PETIT OU GROS VOLUME<\/strong>\u00a0(Colis &#8211; Palettes)<\/li>\n<li><strong><span class=\"s2\">SERVICES PRO EXPRESS\u00a0PROPOSE L\u2019UTILISATION DU SERVICE TOURN\u00c9E MESSAGERIE EXPRESS.<\/span><\/strong><\/li>\n<\/ul>\n<p>[\/vc_column_text][\/vc_column][\/vc_row][vc_row full_width=\u00a0\u00bbstretch_row\u00a0\u00bb css=\u00a0\u00bb.vc_custom_1450270522171{margin-bottom: 0px !important;padding-top: 40px !important;padding-bottom: 14px !important;}\u00a0\u00bb el_class=\u00a0\u00bbsecondary_bg_color\u00a0\u00bb][vc_column width=\u00a0\u00bb1\/4&Prime; offset=\u00a0\u00bbvc_col-lg-3 vc_col-md-3&Prime; css=\u00a0\u00bb.vc_custom_1449142338264{margin-bottom: 30px !important;}\u00a0\u00bb][\/vc_column][vc_column width=\u00a0\u00bb1\/4&Prime; offset=\u00a0\u00bbvc_col-lg-3 vc_col-md-3&Prime; css=\u00a0\u00bb.vc_custom_1449142329000{margin-bottom: 30px !important;}\u00a0\u00bb][stm_counter counter_value=\u00a0\u00bb50&Prime; drawing=\u00a0\u00bbyes\u00a0\u00bb icon_width=\u00a0\u00bb80&Prime; icon_width_svg=\u00a0\u00bb52&Prime; icon_size=\u00a0\u00bb67&Prime; title=\u00a0\u00bbV\u00e9hicules de 2 \u00e0 20m3 \u00a0\u00bb drawing_icon=\u00a0\u00bbstm-owned-vehicles\u00a0\u00bb icon_color=\u00a0\u00bb#ffffff\u00a0\u00bb][\/vc_column][vc_column width=\u00a0\u00bb1\/4&Prime; offset=\u00a0\u00bbvc_col-lg-3 vc_col-md-3&Prime; css=\u00a0\u00bb.vc_custom_1449142343672{margin-bottom: 30px !important;}\u00a0\u00bb][stm_counter counter_value=\u00a0\u00bb47&Prime; duration=\u00a0\u00bb3.5&Prime; drawing=\u00a0\u00bbyes\u00a0\u00bb icon_width=\u00a0\u00bb100&Prime; icon_width_svg=\u00a0\u00bb68&Prime; icon_size=\u00a0\u00bb67&Prime; title=\u00a0\u00bbChauffeurs\u00a0\u00bb drawing_icon=\u00a0\u00bbstm-people-in-team\u00a0\u00bb icon_color=\u00a0\u00bb#ffffff\u00a0\u00bb][\/vc_column][vc_column width=\u00a0\u00bb1\/4&Prime;][\/vc_column][\/vc_row][vc_row full_width=\u00a0\u00bbstretch_row\u00a0\u00bb equal_height=\u00a0\u00bbyes\u00a0\u00bb parallax=\u00a0\u00bbcontent-moving\u00a0\u00bb parallax_image=\u00a0\u00bb258&Prime; el_class=\u00a0\u00bbconvert_to_table overlay\u00a0\u00bb css=\u00a0\u00bb.vc_custom_1450765517736{margin-bottom: 80px !important;}\u00a0\u00bb][vc_column width=\u00a0\u00bb7\/12&Prime; css=\u00a0\u00bb.vc_custom_1450330273622{padding-top: 60px !important;padding-right: 0px !important;padding-bottom: 60px !important;}\u00a0\u00bb][vc_custom_heading text=\u00a0\u00bbVotre devis en ligne gratuit&#8230;\u00a0\u00bb use_theme_fonts=\u00a0\u00bbyes\u00a0\u00bb el_class=\u00a0\u00bbbase_font_color heading_without_line\u00a0\u00bb][vc_column_text]Formulez une demande de transport de marchandises et recevez votre devis gratuit pour votre envoi. Facile et gratuit ![\/vc_column_text][vc_btn title=\u00a0\u00bbNous contacter\u00a0\u00bb style=\u00a0\u00bbflat\u00a0\u00bb shape=\u00a0\u00bbround\u00a0\u00bb color=\u00a0\u00bbtheme_style_3&Prime; i_align=\u00a0\u00bbright\u00a0\u00bb i_icon_fontawesome=\u00a0\u00bbstm-arrow-next\u00a0\u00bb add_icon=\u00a0\u00bbtrue\u00a0\u00bb link=\u00a0\u00bburl:https%3A%2F%2Fservices-pro-express.fr%2Findex.php%2Fcontacts%2F|title:Contacts||\u00a0\u00bb][\/vc_column][vc_column width=\u00a0\u00bb5\/12&Prime; css=\u00a0\u00bb.vc_custom_1450765525367{background-position: center !important;background-repeat: no-repeat !important;background-size: contain !important;}\u00a0\u00bb offset=\u00a0\u00bbvc_hidden-md vc_hidden-sm vc_hidden-xs\u00a0\u00bb][vc_custom_heading text=\u00a0\u00bbFormulaire\u00a0\u00bb font_container=\u00a0\u00bbtag:h2|text_align:left|color:%23ffffff\u00a0\u00bb use_theme_fonts=\u00a0\u00bbyes\u00a0\u00bb]\n<div class=\"wpcf7 no-js\" id=\"wpcf7-f208-o1\" lang=\"en-US\" dir=\"ltr\" data-wpcf7-id=\"208\">\n<div class=\"screen-reader-response\"><p role=\"status\" aria-live=\"polite\" aria-atomic=\"true\"><\/p> <ul><\/ul><\/div>\n<form action=\"\/index.php\/wp-json\/wp\/v2\/pages\/1269#wpcf7-f208-o1\" method=\"post\" class=\"wpcf7-form init\" aria-label=\"Contact form\" novalidate=\"novalidate\" data-status=\"init\">\n<fieldset class=\"hidden-fields-container\"><input type=\"hidden\" name=\"_wpcf7\" value=\"208\" \/><input type=\"hidden\" name=\"_wpcf7_version\" value=\"6.1.5\" \/><input type=\"hidden\" name=\"_wpcf7_locale\" value=\"en_US\" \/><input type=\"hidden\" name=\"_wpcf7_unit_tag\" value=\"wpcf7-f208-o1\" \/><input type=\"hidden\" name=\"_wpcf7_container_post\" value=\"0\" \/><input type=\"hidden\" name=\"_wpcf7_posted_data_hash\" value=\"\" \/>\n<\/fieldset>\n<div class=\"request_quote\">\n\t<div class=\"row\">\n\t\t<div class=\"col-lg-6 col-md-6 col-sm-6 col-xs-12\">\n\t\t\t<div class=\"input-group\">\n\t\t\t\t<p><span class=\"wpcf7-form-control-wrap\" data-name=\"typedemarchandise\"><input size=\"40\" maxlength=\"400\" class=\"wpcf7-form-control wpcf7-text wpcf7-validates-as-required\" aria-required=\"true\" aria-invalid=\"false\" placeholder=\"Type de marchandises\" value=\"\" type=\"text\" name=\"typedemarchandise\" \/><\/span>\n\t\t\t\t<\/p>\n\t\t\t<\/div>\n\t\t\t<div class=\"input-group\">\n\t\t\t\t<p><span class=\"wpcf7-form-control-wrap\" data-name=\"departure_city\"><input size=\"40\" maxlength=\"400\" class=\"wpcf7-form-control wpcf7-text wpcf7-validates-as-required\" aria-required=\"true\" aria-invalid=\"false\" placeholder=\"Ville de d\u00e9part\" value=\"\" type=\"text\" name=\"departure_city\" \/><\/span>\n\t\t\t\t<\/p>\n\t\t\t<\/div>\n\t\t\t<div class=\"input-group\">\n\t\t\t\t<p><span class=\"wpcf7-form-control-wrap\" data-name=\"delivery_city\"><input size=\"40\" maxlength=\"400\" class=\"wpcf7-form-control wpcf7-text\" aria-invalid=\"false\" placeholder=\"Ville d&#039;arriv\u00e9e\" value=\"\" type=\"text\" name=\"delivery_city\" \/><\/span>\n\t\t\t\t<\/p>\n\t\t\t<\/div>\n\t\t\t<div class=\"input-group\">\n\t\t\t\t<p><span class=\"wpcf7-form-control-wrap\" data-name=\"total_weight\"><input size=\"40\" maxlength=\"400\" class=\"wpcf7-form-control wpcf7-text\" aria-invalid=\"false\" placeholder=\"Poids total (KG)\" value=\"\" type=\"text\" name=\"total_weight\" \/><\/span>\n\t\t\t\t<\/p>\n\t\t\t<\/div>\n\t\t<\/div>\n\t\t<div class=\"col-lg-6 col-md-6 col-sm-6 col-xs-12\">\n\t\t\t<div class=\"input-group\">\n\t\t\t\t<p><span class=\"wpcf7-form-control-wrap\" data-name=\"dimension\"><input size=\"40\" maxlength=\"400\" class=\"wpcf7-form-control wpcf7-text\" aria-invalid=\"false\" placeholder=\"Dimension\" value=\"\" type=\"text\" name=\"dimension\" \/><\/span>\n\t\t\t\t<\/p>\n\t\t\t<\/div>\n\t\t\t<div class=\"input-group\">\n\t\t\t\t<p><span class=\"wpcf7-form-control-wrap\" data-name=\"email\"><input size=\"40\" maxlength=\"400\" class=\"wpcf7-form-control wpcf7-email wpcf7-validates-as-required wpcf7-text wpcf7-validates-as-email\" aria-required=\"true\" aria-invalid=\"false\" placeholder=\"Email\" value=\"\" type=\"email\" name=\"email\" \/><\/span>\n\t\t\t\t<\/p>\n\t\t\t<\/div>\n\t\t\t<div class=\"input-group\">\n\t\t\t\t<p><span class=\"wpcf7-form-control-wrap\" data-name=\"message\"><textarea cols=\"40\" rows=\"10\" maxlength=\"2000\" class=\"wpcf7-form-control wpcf7-textarea\" aria-invalid=\"false\" placeholder=\"Message\" name=\"message\"><\/textarea><\/span>\n\t\t\t\t<\/p>\n\t\t\t<\/div>\n\t\t\t<div class=\"input-group\">\n\t\t\t\t<p><button class=\"button size-sm fullwidth white-text theme-wpcf7-submit\">Envoyer <i class=\"stm-arrow-next\"><\/i><\/button>\n\t\t\t\t<\/p>\n\t\t\t<\/div>\n\t\t<\/div>\n\t<\/div>\n<\/div><div class=\"wpcf7-response-output\" aria-hidden=\"true\"><\/div>\n<\/form>\n<\/div>\n[\/vc_column][\/vc_row][vc_row][vc_column width=\u00a0\u00bb1\/2&Prime;][vc_custom_heading text=\u00a0\u00bbLes News\u00a0\u00bb use_theme_fonts=\u00a0\u00bbyes\u00a0\u00bb css=\u00a0\u00bb.vc_custom_1552063225609{margin-bottom: 38px !important;}\u00a0\u00bb][stm_news loop=\u00a0\u00bbsize:3|post_type:post\u00a0\u00bb link=\u00a0\u00bburl:%23|title:all%20news|\u00a0\u00bb][\/vc_column][vc_column width=\u00a0\u00bb1\/2&Prime;][vc_custom_heading text=\u00a0\u00bbT\u00e9moignages\u00a0\u00bb font_container=\u00a0\u00bbtag:h2|text_align:right\u00a0\u00bb use_theme_fonts=\u00a0\u00bbyes\u00a0\u00bb css=\u00a0\u00bb.vc_custom_1552064219371{margin-bottom: 38px !important;}\u00a0\u00bb][stm_testimonials posts_per_page=\u00a0\u00bb3&Prime; autoplay=\u00a0\u00bbyes\u00a0\u00bb loop=\u00a0\u00bbyes\u00a0\u00bb][\/vc_column][\/vc_row][vc_row css=\u00a0\u00bb.vc_custom_1552058390934{margin-bottom: 0px !important;}\u00a0\u00bb][vc_column css=\u00a0\u00bb.vc_custom_1450446299241{margin-bottom: 60px !important;}\u00a0\u00bb offset=\u00a0\u00bbvc_col-lg-6 vc_col-md-7&Prime;][\/vc_column][vc_column css=\u00a0\u00bb.vc_custom_1450446304318{margin-bottom: 60px !important;}\u00a0\u00bb offset=\u00a0\u00bbvc_col-lg-6 vc_col-md-5&Prime;][\/vc_column][\/vc_row][vc_row full_width=\u00a0\u00bbstretch_row_content_no_spaces\u00a0\u00bb css=\u00a0\u00bb.vc_custom_1446716672180{margin-bottom: 0px !important;}\u00a0\u00bb][vc_column][vc_column_text]<iframe loading=\"lazy\" style=\"border: 0;\" src=\"https:\/\/www.google.com\/maps\/embed?pb=!1m14!1m8!1m3!1d2879.9530285935593!2d7.199101!3d43.7945877!3m2!1i1024!2i768!4f13.1!3m3!1m2!1s0x12cdc935689acc0f%3A0x47c3bd882e80ffaa!2s4%C3%A8me+Avenue+%26+12%C3%A8me+Rue%2C+06510+Carros!5e0!3m2!1sfr!2sfr!4v1552059134214\" width=\"2000\" height=\"450\" frameborder=\"0\" allowfullscreen=\"allowfullscreen\"><\/iframe>[\/vc_column_text][\/vc_column][\/vc_row]<\/p>\n","protected":false},"excerpt":{"rendered":"<p>[vc_row full_width=\u00a0\u00bbstretch_row_content_no_spaces\u00a0\u00bb css=\u00a0\u00bb.vc_custom_1445941555299{margin-bottom: 0px !important;}\u00a0\u00bb][vc_column offset=\u00a0\u00bbvc_hidden-xs\u00a0\u00bb][rev_slider_vc alias=\u00a0\u00bbmain_slider\u00a0\u00bb][\/vc_column][\/vc_row][vc_row full_width=\u00a0\u00bbstretch_row\u00a0\u00bb el_class=\u00a0\u00bbbase_bg_color no_overflow_hidden\u00a0\u00bb css=\u00a0\u00bb.vc_custom_1448432556856{margin-bottom: 80px !important;}\u00a0\u00bb][vc_column width=\u00a0\u00bb1\/4&Prime; offset=\u00a0\u00bbvc_hidden-xs\u00a0\u00bb][stm_rev_slider_nav title=\u00a0\u00bbTransport express de marchandises\u00a0\u00bb icon=\u00a0\u00bbstm-transport859&Prime; slide_number=\u00a0\u00bb1&Prime;][\/vc_column][\/vc_row][vc_row css=\u00a0\u00bb.vc_custom_1450264294682{margin-bottom: 80px !important;}\u00a0\u00bb][vc_column offset=\u00a0\u00bbvc_col-lg-6 vc_col-md-6&Prime;][vc_column_text] SERVICES PRO EXPRESS La soci\u00e9t\u00e9 Services Pro&#8230;<\/p>\n","protected":false},"author":1,"featured_media":0,"parent":0,"menu_order":0,"comment_status":"closed","ping_status":"closed","template":"","meta":{"jetpack_post_was_ever_published":false,"footnotes":""},"class_list":["post-1269","page","type-page","status-publish","hentry"],"yoast_head":"<!-- This site is optimized with the Yoast SEO plugin v27.3 - https:\/\/yoast.com\/product\/yoast-seo-wordpress\/ -->\n<title>Service Pro Express - Transports Alpes-Maritimes Nice 06<\/title>\n<meta name=\"robots\" content=\"index, follow, max-snippet:-1, max-image-preview:large, max-video-preview:-1\" \/>\n<link rel=\"canonical\" href=\"https:\/\/services-pro-express.fr\/\" \/>\n<meta property=\"og:locale\" content=\"fr_FR\" \/>\n<meta property=\"og:type\" content=\"article\" \/>\n<meta property=\"og:title\" content=\"Service Pro Express - Transports Alpes-Maritimes Nice 06\" \/>\n<meta property=\"og:description\" content=\"[vc_row full_width=\u00a0\u00bbstretch_row_content_no_spaces\u00a0\u00bb css=\u00a0\u00bb.vc_custom_1445941555299{margin-bottom: 0px !important;}\u00a0\u00bb][vc_column offset=\u00a0\u00bbvc_hidden-xs\u00a0\u00bb][rev_slider_vc alias=\u00a0\u00bbmain_slider\u00a0\u00bb][\/vc_column][\/vc_row][vc_row full_width=\u00a0\u00bbstretch_row\u00a0\u00bb el_class=\u00a0\u00bbbase_bg_color no_overflow_hidden\u00a0\u00bb css=\u00a0\u00bb.vc_custom_1448432556856{margin-bottom: 80px !important;}\u00a0\u00bb][vc_column width=\u00a0\u00bb1\/4&Prime; offset=\u00a0\u00bbvc_hidden-xs\u00a0\u00bb][stm_rev_slider_nav title=\u00a0\u00bbTransport express de marchandises\u00a0\u00bb icon=\u00a0\u00bbstm-transport859&Prime; slide_number=\u00a0\u00bb1&Prime;][\/vc_column][\/vc_row][vc_row css=\u00a0\u00bb.vc_custom_1450264294682{margin-bottom: 80px !important;}\u00a0\u00bb][vc_column offset=\u00a0\u00bbvc_col-lg-6 vc_col-md-6&Prime;][vc_column_text] SERVICES PRO EXPRESS La soci\u00e9t\u00e9 Services Pro...\" \/>\n<meta property=\"og:url\" content=\"https:\/\/services-pro-express.fr\/\" \/>\n<meta property=\"og:site_name\" content=\"Services Pro Express\" \/>\n<meta property=\"article:modified_time\" content=\"2019-04-02T09:35:40+00:00\" \/>\n<meta name=\"twitter:card\" content=\"summary_large_image\" \/>\n<meta name=\"twitter:label1\" content=\"Dur\u00e9e de lecture estim\u00e9e\" \/>\n\t<meta name=\"twitter:data1\" content=\"4 minutes\" \/>\n<script type=\"application\/ld+json\" class=\"yoast-schema-graph\">{\"@context\":\"https:\\\/\\\/schema.org\",\"@graph\":[{\"@type\":\"WebPage\",\"@id\":\"https:\\\/\\\/services-pro-express.fr\\\/\",\"url\":\"https:\\\/\\\/services-pro-express.fr\\\/\",\"name\":\"Service Pro Express - Transports Alpes-Maritimes Nice 06\",\"isPartOf\":{\"@id\":\"https:\\\/\\\/services-pro-express.fr\\\/#website\"},\"datePublished\":\"2015-10-21T07:42:32+00:00\",\"dateModified\":\"2019-04-02T09:35:40+00:00\",\"breadcrumb\":{\"@id\":\"https:\\\/\\\/services-pro-express.fr\\\/#breadcrumb\"},\"inLanguage\":\"fr-FR\",\"potentialAction\":[{\"@type\":\"ReadAction\",\"target\":[\"https:\\\/\\\/services-pro-express.fr\\\/\"]}]},{\"@type\":\"BreadcrumbList\",\"@id\":\"https:\\\/\\\/services-pro-express.fr\\\/#breadcrumb\",\"itemListElement\":[{\"@type\":\"ListItem\",\"position\":1,\"name\":\"Home\",\"item\":\"https:\\\/\\\/services-pro-express.fr\\\/\"},{\"@type\":\"ListItem\",\"position\":2,\"name\":\"SPE Transport Express\"}]},{\"@type\":\"WebSite\",\"@id\":\"https:\\\/\\\/services-pro-express.fr\\\/#website\",\"url\":\"https:\\\/\\\/services-pro-express.fr\\\/\",\"name\":\"Services Pro Express\",\"description\":\"transport express de marchandises sp\u00e9cialis\u00e9e\u00a0sur les Alpes Maritimes\",\"potentialAction\":[{\"@type\":\"SearchAction\",\"target\":{\"@type\":\"EntryPoint\",\"urlTemplate\":\"https:\\\/\\\/services-pro-express.fr\\\/?s={search_term_string}\"},\"query-input\":{\"@type\":\"PropertyValueSpecification\",\"valueRequired\":true,\"valueName\":\"search_term_string\"}}],\"inLanguage\":\"fr-FR\"}]}<\/script>\n<!-- \/ Yoast SEO plugin. -->","yoast_head_json":{"title":"Service Pro Express - Transports Alpes-Maritimes Nice 06","robots":{"index":"index","follow":"follow","max-snippet":"max-snippet:-1","max-image-preview":"max-image-preview:large","max-video-preview":"max-video-preview:-1"},"canonical":"https:\/\/services-pro-express.fr\/","og_locale":"fr_FR","og_type":"article","og_title":"Service Pro Express - Transports Alpes-Maritimes Nice 06","og_description":"[vc_row full_width=\u00a0\u00bbstretch_row_content_no_spaces\u00a0\u00bb css=\u00a0\u00bb.vc_custom_1445941555299{margin-bottom: 0px !important;}\u00a0\u00bb][vc_column offset=\u00a0\u00bbvc_hidden-xs\u00a0\u00bb][rev_slider_vc alias=\u00a0\u00bbmain_slider\u00a0\u00bb][\/vc_column][\/vc_row][vc_row full_width=\u00a0\u00bbstretch_row\u00a0\u00bb el_class=\u00a0\u00bbbase_bg_color no_overflow_hidden\u00a0\u00bb css=\u00a0\u00bb.vc_custom_1448432556856{margin-bottom: 80px !important;}\u00a0\u00bb][vc_column width=\u00a0\u00bb1\/4&Prime; offset=\u00a0\u00bbvc_hidden-xs\u00a0\u00bb][stm_rev_slider_nav title=\u00a0\u00bbTransport express de marchandises\u00a0\u00bb icon=\u00a0\u00bbstm-transport859&Prime; slide_number=\u00a0\u00bb1&Prime;][\/vc_column][\/vc_row][vc_row css=\u00a0\u00bb.vc_custom_1450264294682{margin-bottom: 80px !important;}\u00a0\u00bb][vc_column offset=\u00a0\u00bbvc_col-lg-6 vc_col-md-6&Prime;][vc_column_text] SERVICES PRO EXPRESS La soci\u00e9t\u00e9 Services Pro...","og_url":"https:\/\/services-pro-express.fr\/","og_site_name":"Services Pro Express","article_modified_time":"2019-04-02T09:35:40+00:00","twitter_card":"summary_large_image","twitter_misc":{"Dur\u00e9e de lecture estim\u00e9e":"4 minutes"},"schema":{"@context":"https:\/\/schema.org","@graph":[{"@type":"WebPage","@id":"https:\/\/services-pro-express.fr\/","url":"https:\/\/services-pro-express.fr\/","name":"Service Pro Express - Transports Alpes-Maritimes Nice 06","isPartOf":{"@id":"https:\/\/services-pro-express.fr\/#website"},"datePublished":"2015-10-21T07:42:32+00:00","dateModified":"2019-04-02T09:35:40+00:00","breadcrumb":{"@id":"https:\/\/services-pro-express.fr\/#breadcrumb"},"inLanguage":"fr-FR","potentialAction":[{"@type":"ReadAction","target":["https:\/\/services-pro-express.fr\/"]}]},{"@type":"BreadcrumbList","@id":"https:\/\/services-pro-express.fr\/#breadcrumb","itemListElement":[{"@type":"ListItem","position":1,"name":"Home","item":"https:\/\/services-pro-express.fr\/"},{"@type":"ListItem","position":2,"name":"SPE Transport Express"}]},{"@type":"WebSite","@id":"https:\/\/services-pro-express.fr\/#website","url":"https:\/\/services-pro-express.fr\/","name":"Services Pro Express","description":"transport express de marchandises sp\u00e9cialis\u00e9e\u00a0sur les Alpes Maritimes","potentialAction":[{"@type":"SearchAction","target":{"@type":"EntryPoint","urlTemplate":"https:\/\/services-pro-express.fr\/?s={search_term_string}"},"query-input":{"@type":"PropertyValueSpecification","valueRequired":true,"valueName":"search_term_string"}}],"inLanguage":"fr-FR"}]}},"jetpack_sharing_enabled":true,"jetpack_shortlink":"https:\/\/wp.me\/PaMT6M-kt","_links":{"self":[{"href":"https:\/\/services-pro-express.fr\/index.php\/wp-json\/wp\/v2\/pages\/1269","targetHints":{"allow":["GET"]}}],"collection":[{"href":"https:\/\/services-pro-express.fr\/index.php\/wp-json\/wp\/v2\/pages"}],"about":[{"href":"https:\/\/services-pro-express.fr\/index.php\/wp-json\/wp\/v2\/types\/page"}],"author":[{"embeddable":true,"href":"https:\/\/services-pro-express.fr\/index.php\/wp-json\/wp\/v2\/users\/1"}],"replies":[{"embeddable":true,"href":"https:\/\/services-pro-express.fr\/index.php\/wp-json\/wp\/v2\/comments?post=1269"}],"version-history":[{"count":21,"href":"https:\/\/services-pro-express.fr\/index.php\/wp-json\/wp\/v2\/pages\/1269\/revisions"}],"predecessor-version":[{"id":1465,"href":"https:\/\/services-pro-express.fr\/index.php\/wp-json\/wp\/v2\/pages\/1269\/revisions\/1465"}],"wp:attachment":[{"href":"https:\/\/services-pro-express.fr\/index.php\/wp-json\/wp\/v2\/media?parent=1269"}],"curies":[{"name":"wp","href":"https:\/\/api.w.org\/{rel}","templated":true}]}}